{"id":55,"date":"2025-12-14T20:59:19","date_gmt":"2025-12-14T20:59:19","guid":{"rendered":"http:\/\/evasioy.cluster100.hosting.ovh.net\/index.php\/accueil-2\/"},"modified":"2026-02-04T21:24:33","modified_gmt":"2026-02-04T21:24:33","slug":"accueil-2","status":"publish","type":"page","link":"https:\/\/evasionsbyelo.be\/","title":{"rendered":"Accueil"},"content":{"rendered":"\n<div class=\"wp-block-columns is-layout-flex wp-container-core-columns-is-layout-28f84493 wp-block-columns-is-layout-flex\">\n<div class=\"wp-block-column is-layout-flow wp-block-column-is-layout-flow\">\n<h2 class=\"wp-block-heading has-text-align-center\"><strong>Ton voyage pens\u00e9 sur mesure<\/strong><\/h2>\n\n\n\n<p class=\"has-text-align-center\">Moins de stress. Plus de plaisir.<\/p>\n\n\n\n<p class=\"has-text-align-center\">Une organisation fluide, adapt\u00e9e \u00e0 ton rythme, \u00e0 tes envies et \u00e0 ton budget.<\/p>\n\n\n\n<p><\/p>\n\n\n\n<div class=\"wp-block-columns container is-layout-flex wp-container-core-columns-is-layout-28f84493 wp-block-columns-is-layout-flex\">\n<div class=\"wp-block-column col-md-5 is-layout-flow wp-block-column-is-layout-flow\">\n<div class=\"wp-block-columns is-layout-flex wp-container-core-columns-is-layout-28f84493 wp-block-columns-is-layout-flex\">\n<div class=\"wp-block-column is-layout-flow wp-block-column-is-layout-flow\">\n<h2 class=\"wp-block-heading has-text-align-center\"><strong>Cet accompagnement est fait pour toi si\u2026<\/strong><\/h2>\n\n\n\n<p class=\"has-text-align-center\">Tu as envie de voyager autrement, sans organisation lourde?<\/p>\n\n\n\n<p class=\"has-text-align-center\">Tu manques de temps pour comparer, planifier et structurer?<\/p>\n\n\n\n<p class=\"has-text-align-center\">Tu souhaites un voyage qui te ressemble vraiment?<\/p>\n\n\n\n<p><\/p>\n\n\n\n<p class=\"has-text-align-center\">Selon tes besoins, plusieurs fa\u00e7ons de t&rsquo;accompagner :<\/p>\n\n\n\n<p><\/p>\n\n\n\n<div class=\"wp-block-columns is-layout-flex wp-container-core-columns-is-layout-28f84493 wp-block-columns-is-layout-flex\">\n<div class=\"wp-block-column is-layout-flow wp-block-column-is-layout-flow\">\n<p class=\"has-text-align-center\"><strong>Accompagnement Travel Planner<\/strong><\/p>\n\n\n\n<p class=\"has-text-align-center\">Un voyage pens\u00e9 de A \u00e0 Z, selon tes envies et ton rythme.<\/p>\n\n\n\n<figure class=\"wp-block-image size-full\"><img loading=\"lazy\" decoding=\"async\" width=\"805\" height=\"299\" src=\"https:\/\/evasionsbyelo.be\/wp-content\/uploads\/2026\/02\/Design-sans-titre-3.png\" alt=\"\" class=\"wp-image-189\" srcset=\"https:\/\/evasionsbyelo.be\/wp-content\/uploads\/2026\/02\/Design-sans-titre-3.png 805w, https:\/\/evasionsbyelo.be\/wp-content\/uploads\/2026\/02\/Design-sans-titre-3-300x111.png 300w\" sizes=\"auto, (max-width: 805px) 100vw, 805px\" \/><\/figure>\n\n\n\n<div class=\"wp-block-buttons alignfull is-content-justification-center is-layout-flex wp-container-core-buttons-is-layout-a89b3969 wp-block-buttons-is-layout-flex\">\n<div class=\"wp-block-button\"><a class=\"wp-block-button__link wp-element-button\" href=\"https:\/\/evasionsbyelo.be\/index.php\/services\/travel-planner\/\">\ud83d\udc49 D\u00e9couvrir l\u2019accompagnement<\/a><\/div>\n<\/div>\n<\/div>\n\n\n\n<div class=\"wp-block-column is-layout-flow wp-block-column-is-layout-flow\">\n<p class=\"has-text-align-center\"><strong>Ebooks de voyage<\/strong><\/p>\n\n\n\n<p class=\"has-text-align-center\">Des guides pratiques et inspirants pour voyager en toute autonomie.<\/p>\n\n\n\n<figure class=\"wp-block-image aligncenter size-full is-resized\"><img loading=\"lazy\" decoding=\"async\" width=\"817\" height=\"978\" src=\"https:\/\/evasionsbyelo.be\/wp-content\/uploads\/2026\/02\/Design-sans-titre-2-1.png\" alt=\"\" class=\"wp-image-185\" style=\"aspect-ratio:0.7050827202449864;width:154px;height:auto\" srcset=\"https:\/\/evasionsbyelo.be\/wp-content\/uploads\/2026\/02\/Design-sans-titre-2-1.png 817w, https:\/\/evasionsbyelo.be\/wp-content\/uploads\/2026\/02\/Design-sans-titre-2-1-251x300.png 251w\" sizes=\"auto, (max-width: 817px) 100vw, 817px\" \/><\/figure>\n\n\n\n<div class=\"wp-block-buttons is-content-justification-center is-layout-flex wp-container-core-buttons-is-layout-a89b3969 wp-block-buttons-is-layout-flex\">\n<div class=\"wp-block-button\"><a class=\"wp-block-button__link wp-element-button\" href=\"https:\/\/evasionsbyelo.be\/index.php\/services\/mes-e-books-de-voyage\/\">\ud83d\udc49 Explorer les ebooks<\/a><\/div>\n<\/div>\n<\/div>\n<\/div>\n\n\n\n<p><\/p>\n\n\n\n<p><\/p>\n\n\n\n<p><\/p>\n\n\n\n<p><\/p>\n\n\n\n<p class=\"has-text-align-center\">Chaque voyage commence par une id\u00e9e. Je t&rsquo;aide \u00e0 la transformer en une exp\u00e9rience fluide et sereine.<\/p>\n\n\n\n<div class=\"wp-block-buttons is-content-justification-center is-layout-flex wp-container-core-buttons-is-layout-a89b3969 wp-block-buttons-is-layout-flex\">\n<div class=\"wp-block-button\"><a class=\"wp-block-button__link wp-element-button\" href=\"https:\/\/evasionsbyelo.be\/index.php\/contact\/\">\ud83d\udcac Parlons de ton projet<\/a><\/div>\n<\/div>\n<\/div>\n<\/div>\n\n\n\n<div class=\"wp-block-columns is-layout-flex wp-container-core-columns-is-layout-28f84493 wp-block-columns-is-layout-flex\">\n<div class=\"wp-block-column is-layout-flow wp-block-column-is-layout-flow\"><\/div>\n\n\n\n<div class=\"wp-block-column is-layout-flow wp-block-column-is-layout-flow\"><\/div>\n<\/div>\n<\/div>\n<\/div>\n<\/div>\n<\/div>\n\n\n\n<p><\/p>\n","protected":false},"excerpt":{"rendered":"<p>Ton voyage pens\u00e9 sur mesure Moins de stress. Plus de plaisir. Une organisation fluide, adapt\u00e9e \u00e0 ton rythme, \u00e0 tes envies et \u00e0 ton budget. Cet accompagnement est fait pour toi si\u2026 Tu as envie de voyager autrement, sans organisation lourde? Tu manques de temps pour comparer, planifier et structurer? Tu souhaites un voyage qui &hellip; <\/p>\n<p class=\"link-more\"><a href=\"https:\/\/evasionsbyelo.be\/\" class=\"more-link\">Lire la suite de<span class=\"screen-reader-text\">\u00ab\u00a0Accueil\u00a0\u00bb<\/span><\/a><\/p>\n","protected":false},"author":1,"featured_media":0,"parent":0,"menu_order":0,"comment_status":"closed","ping_status":"closed","template":"","meta":{"_themeisle_gutenberg_block_has_review":false,"footnotes":""},"class_list":["post-55","page","type-page","status-publish","hentry"],"yoast_head":"<!-- This site is optimized with the Yoast SEO plugin v26.5 - https:\/\/yoast.com\/wordpress\/plugins\/seo\/ -->\n<title>Accueil - Evasions by Elo<\/title>\n<meta name=\"robots\" content=\"index, follow, max-snippet:-1, max-image-preview:large, max-video-preview:-1\" \/>\n<link rel=\"canonical\" href=\"https:\/\/evasionsbyelo.be\/\" \/>\n<meta property=\"og:locale\" content=\"fr_FR\" \/>\n<meta property=\"og:type\" content=\"article\" \/>\n<meta property=\"og:title\" content=\"Accueil - Evasions by Elo\" \/>\n<meta property=\"og:description\" content=\"Ton voyage pens\u00e9 sur mesure Moins de stress. Plus de plaisir. Une organisation fluide, adapt\u00e9e \u00e0 ton rythme, \u00e0 tes envies et \u00e0 ton budget. Cet accompagnement est fait pour toi si\u2026 Tu as envie de voyager autrement, sans organisation lourde? Tu manques de temps pour comparer, planifier et structurer? Tu souhaites un voyage qui &hellip; Lire la suite de\u00ab\u00a0Accueil\u00a0\u00bb\" \/>\n<meta property=\"og:url\" content=\"https:\/\/evasionsbyelo.be\/\" \/>\n<meta property=\"og:site_name\" content=\"Evasions by Elo\" \/>\n<meta property=\"article:modified_time\" content=\"2026-02-04T21:24:33+00:00\" \/>\n<meta property=\"og:image\" content=\"https:\/\/evasionsbyelo.be\/wp-content\/uploads\/2026\/02\/Design-sans-titre-3.png\" \/>\n\t<meta property=\"og:image:width\" content=\"805\" \/>\n\t<meta property=\"og:image:height\" content=\"299\" \/>\n\t<meta property=\"og:image:type\" content=\"image\/png\" \/>\n<meta name=\"twitter:card\" content=\"summary_large_image\" \/>\n<meta name=\"twitter:label1\" content=\"Dur\u00e9e de lecture estim\u00e9e\" \/>\n\t<meta name=\"twitter:data1\" content=\"2 minutes\" \/>\n<script type=\"application\/ld+json\" class=\"yoast-schema-graph\">{\"@context\":\"https:\/\/schema.org\",\"@graph\":[{\"@type\":\"WebPage\",\"@id\":\"https:\/\/evasionsbyelo.be\/\",\"url\":\"https:\/\/evasionsbyelo.be\/\",\"name\":\"Accueil - Evasions by Elo\",\"isPartOf\":{\"@id\":\"https:\/\/evasionsbyelo.be\/#website\"},\"primaryImageOfPage\":{\"@id\":\"https:\/\/evasionsbyelo.be\/#primaryimage\"},\"image\":{\"@id\":\"https:\/\/evasionsbyelo.be\/#primaryimage\"},\"thumbnailUrl\":\"https:\/\/evasionsbyelo.be\/wp-content\/uploads\/2026\/02\/Design-sans-titre-3.png\",\"datePublished\":\"2025-12-14T20:59:19+00:00\",\"dateModified\":\"2026-02-04T21:24:33+00:00\",\"breadcrumb\":{\"@id\":\"https:\/\/evasionsbyelo.be\/#breadcrumb\"},\"inLanguage\":\"fr-FR\",\"potentialAction\":[{\"@type\":\"ReadAction\",\"target\":[\"https:\/\/evasionsbyelo.be\/\"]}]},{\"@type\":\"ImageObject\",\"inLanguage\":\"fr-FR\",\"@id\":\"https:\/\/evasionsbyelo.be\/#primaryimage\",\"url\":\"https:\/\/evasionsbyelo.be\/wp-content\/uploads\/2026\/02\/Design-sans-titre-3.png\",\"contentUrl\":\"https:\/\/evasionsbyelo.be\/wp-content\/uploads\/2026\/02\/Design-sans-titre-3.png\",\"width\":805,\"height\":299},{\"@type\":\"BreadcrumbList\",\"@id\":\"https:\/\/evasionsbyelo.be\/#breadcrumb\",\"itemListElement\":[{\"@type\":\"ListItem\",\"position\":1,\"name\":\"Accueil\",\"item\":\"https:\/\/evasionsbyelo.be\/\"},{\"@type\":\"ListItem\",\"position\":2,\"name\":\"Accueil\"}]},{\"@type\":\"WebSite\",\"@id\":\"https:\/\/evasionsbyelo.be\/#website\",\"url\":\"https:\/\/evasionsbyelo.be\/\",\"name\":\"Evasions by Elo\",\"description\":\"\",\"publisher\":{\"@id\":\"https:\/\/evasionsbyelo.be\/#organization\"},\"potentialAction\":[{\"@type\":\"SearchAction\",\"target\":{\"@type\":\"EntryPoint\",\"urlTemplate\":\"https:\/\/evasionsbyelo.be\/?s={search_term_string}\"},\"query-input\":{\"@type\":\"PropertyValueSpecification\",\"valueRequired\":true,\"valueName\":\"search_term_string\"}}],\"inLanguage\":\"fr-FR\"},{\"@type\":\"Organization\",\"@id\":\"https:\/\/evasionsbyelo.be\/#organization\",\"name\":\"Evasions by Elo\",\"url\":\"https:\/\/evasionsbyelo.be\/\",\"logo\":{\"@type\":\"ImageObject\",\"inLanguage\":\"fr-FR\",\"@id\":\"https:\/\/evasionsbyelo.be\/#\/schema\/logo\/image\/\",\"url\":\"https:\/\/evasionsbyelo.be\/wp-content\/uploads\/2026\/02\/cropped-Blanc_Cote.png\",\"contentUrl\":\"https:\/\/evasionsbyelo.be\/wp-content\/uploads\/2026\/02\/cropped-Blanc_Cote.png\",\"width\":1317,\"height\":541,\"caption\":\"Evasions by Elo\"},\"image\":{\"@id\":\"https:\/\/evasionsbyelo.be\/#\/schema\/logo\/image\/\"}}]}<\/script>\n<!-- \/ Yoast SEO plugin. -->","yoast_head_json":{"title":"Accueil - Evasions by Elo","robots":{"index":"index","follow":"follow","max-snippet":"max-snippet:-1","max-image-preview":"max-image-preview:large","max-video-preview":"max-video-preview:-1"},"canonical":"https:\/\/evasionsbyelo.be\/","og_locale":"fr_FR","og_type":"article","og_title":"Accueil - Evasions by Elo","og_description":"Ton voyage pens\u00e9 sur mesure Moins de stress. Plus de plaisir. Une organisation fluide, adapt\u00e9e \u00e0 ton rythme, \u00e0 tes envies et \u00e0 ton budget. Cet accompagnement est fait pour toi si\u2026 Tu as envie de voyager autrement, sans organisation lourde? Tu manques de temps pour comparer, planifier et structurer? Tu souhaites un voyage qui &hellip; Lire la suite de\u00ab\u00a0Accueil\u00a0\u00bb","og_url":"https:\/\/evasionsbyelo.be\/","og_site_name":"Evasions by Elo","article_modified_time":"2026-02-04T21:24:33+00:00","og_image":[{"width":805,"height":299,"url":"https:\/\/evasionsbyelo.be\/wp-content\/uploads\/2026\/02\/Design-sans-titre-3.png","type":"image\/png"}],"twitter_card":"summary_large_image","twitter_misc":{"Dur\u00e9e de lecture estim\u00e9e":"2 minutes"},"schema":{"@context":"https:\/\/schema.org","@graph":[{"@type":"WebPage","@id":"https:\/\/evasionsbyelo.be\/","url":"https:\/\/evasionsbyelo.be\/","name":"Accueil - Evasions by Elo","isPartOf":{"@id":"https:\/\/evasionsbyelo.be\/#website"},"primaryImageOfPage":{"@id":"https:\/\/evasionsbyelo.be\/#primaryimage"},"image":{"@id":"https:\/\/evasionsbyelo.be\/#primaryimage"},"thumbnailUrl":"https:\/\/evasionsbyelo.be\/wp-content\/uploads\/2026\/02\/Design-sans-titre-3.png","datePublished":"2025-12-14T20:59:19+00:00","dateModified":"2026-02-04T21:24:33+00:00","breadcrumb":{"@id":"https:\/\/evasionsbyelo.be\/#breadcrumb"},"inLanguage":"fr-FR","potentialAction":[{"@type":"ReadAction","target":["https:\/\/evasionsbyelo.be\/"]}]},{"@type":"ImageObject","inLanguage":"fr-FR","@id":"https:\/\/evasionsbyelo.be\/#primaryimage","url":"https:\/\/evasionsbyelo.be\/wp-content\/uploads\/2026\/02\/Design-sans-titre-3.png","contentUrl":"https:\/\/evasionsbyelo.be\/wp-content\/uploads\/2026\/02\/Design-sans-titre-3.png","width":805,"height":299},{"@type":"BreadcrumbList","@id":"https:\/\/evasionsbyelo.be\/#breadcrumb","itemListElement":[{"@type":"ListItem","position":1,"name":"Accueil","item":"https:\/\/evasionsbyelo.be\/"},{"@type":"ListItem","position":2,"name":"Accueil"}]},{"@type":"WebSite","@id":"https:\/\/evasionsbyelo.be\/#website","url":"https:\/\/evasionsbyelo.be\/","name":"Evasions by Elo","description":"","publisher":{"@id":"https:\/\/evasionsbyelo.be\/#organization"},"potentialAction":[{"@type":"SearchAction","target":{"@type":"EntryPoint","urlTemplate":"https:\/\/evasionsbyelo.be\/?s={search_term_string}"},"query-input":{"@type":"PropertyValueSpecification","valueRequired":true,"valueName":"search_term_string"}}],"inLanguage":"fr-FR"},{"@type":"Organization","@id":"https:\/\/evasionsbyelo.be\/#organization","name":"Evasions by Elo","url":"https:\/\/evasionsbyelo.be\/","logo":{"@type":"ImageObject","inLanguage":"fr-FR","@id":"https:\/\/evasionsbyelo.be\/#\/schema\/logo\/image\/","url":"https:\/\/evasionsbyelo.be\/wp-content\/uploads\/2026\/02\/cropped-Blanc_Cote.png","contentUrl":"https:\/\/evasionsbyelo.be\/wp-content\/uploads\/2026\/02\/cropped-Blanc_Cote.png","width":1317,"height":541,"caption":"Evasions by Elo"},"image":{"@id":"https:\/\/evasionsbyelo.be\/#\/schema\/logo\/image\/"}}]}},"_links":{"self":[{"href":"https:\/\/evasionsbyelo.be\/index.php\/wp-json\/wp\/v2\/pages\/55","targetHints":{"allow":["GET"]}}],"collection":[{"href":"https:\/\/evasionsbyelo.be\/index.php\/wp-json\/wp\/v2\/pages"}],"about":[{"href":"https:\/\/evasionsbyelo.be\/index.php\/wp-json\/wp\/v2\/types\/page"}],"author":[{"embeddable":true,"href":"https:\/\/evasionsbyelo.be\/index.php\/wp-json\/wp\/v2\/users\/1"}],"replies":[{"embeddable":true,"href":"https:\/\/evasionsbyelo.be\/index.php\/wp-json\/wp\/v2\/comments?post=55"}],"version-history":[{"count":31,"href":"https:\/\/evasionsbyelo.be\/index.php\/wp-json\/wp\/v2\/pages\/55\/revisions"}],"predecessor-version":[{"id":191,"href":"https:\/\/evasionsbyelo.be\/index.php\/wp-json\/wp\/v2\/pages\/55\/revisions\/191"}],"wp:attachment":[{"href":"https:\/\/evasionsbyelo.be\/index.php\/wp-json\/wp\/v2\/media?parent=55"}],"curies":[{"name":"wp","href":"https:\/\/api.w.org\/{rel}","templated":true}]}}