{"id":47,"date":"2025-12-14T15:23:32","date_gmt":"2025-12-14T15:23:32","guid":{"rendered":"http:\/\/evasioy.cluster100.hosting.ovh.net\/?page_id=47"},"modified":"2026-02-04T21:23:49","modified_gmt":"2026-02-04T21:23:49","slug":"travel-planner","status":"publish","type":"page","link":"https:\/\/evasionsbyelo.be\/index.php\/services\/travel-planner\/","title":{"rendered":"Travel planner"},"content":{"rendered":"\n<p>Avec Evasions by Elo, je vous aide \u00e0 organiser votre voyage de A \u00e0 Z, selon vos envies, votre rythme et votre budget.<\/p>\n\n\n\n<p>Mon objectif ? Que vous puissiez vous concentrer sur le plaisir de d\u00e9couvrir, sans perdre des heures \u00e0 chercher, comparer ou planifier.<\/p>\n\n\n\n<h2 class=\"wp-block-heading has-text-align-center\"><strong>Mon accompagnement voyage sur mesure <\/strong><\/h2>\n\n\n\n<p class=\"has-text-align-center\"><strong>Inclus dans la prestation<\/strong><\/p>\n\n\n\n<div class=\"wp-block-columns is-layout-flex wp-container-core-columns-is-layout-28f84493 wp-block-columns-is-layout-flex\">\n<div class=\"wp-block-column is-layout-flow wp-block-column-is-layout-flow\">\n<p><\/p>\n\n\n\n<p><\/p>\n\n\n\n<h4 class=\"wp-block-heading\"><strong>1. Entretien vid\u00e9o (sans engagement)<\/strong><\/h4>\n\n\n\n<p>Chaque accompagnement d\u00e9bute par un entretien en visio (ou par t\u00e9l\u00e9phone si vous le pr\u00e9f\u00e9rez).<\/p>\n\n\n\n<p>Cet \u00e9change me permet de cerner vos attentes, vos envies et vos habitudes de voyage : type de s\u00e9jour recherch\u00e9 (d\u00e9tente, d\u00e9couverte, romantique, etc.), budget, rythme, dur\u00e9e, pr\u00e9f\u00e9rences d\u2019h\u00e9bergements et de transports, .<\/p>\n\n\n\n<p>Si vous h\u00e9sitez encore, je vous aide \u00e0 choisir la destination id\u00e9ale, en fonction de la p\u00e9riode, de votre budget et de vos envies.<\/p>\n\n\n\n<p>Aucun engagement contractuel n\u2019est requis avant cet entretien.<\/p>\n<\/div>\n\n\n\n<div class=\"wp-block-column is-layout-flow wp-block-column-is-layout-flow\">\n<figure class=\"wp-block-image aligncenter size-large is-resized\"><img loading=\"lazy\" decoding=\"async\" width=\"683\" height=\"1024\" src=\"https:\/\/evasionsbyelo.be\/wp-content\/uploads\/2025\/12\/cac7566a-21bb-43c9-9737-245f43c07b80-683x1024.png\" alt=\"\" class=\"wp-image-84\" style=\"aspect-ratio:0.6670072545213037;width:333px;height:auto\" srcset=\"https:\/\/evasionsbyelo.be\/wp-content\/uploads\/2025\/12\/cac7566a-21bb-43c9-9737-245f43c07b80-683x1024.png 683w, https:\/\/evasionsbyelo.be\/wp-content\/uploads\/2025\/12\/cac7566a-21bb-43c9-9737-245f43c07b80-200x300.png 200w, https:\/\/evasionsbyelo.be\/wp-content\/uploads\/2025\/12\/cac7566a-21bb-43c9-9737-245f43c07b80-768x1152.png 768w, https:\/\/evasionsbyelo.be\/wp-content\/uploads\/2025\/12\/cac7566a-21bb-43c9-9737-245f43c07b80.png 1024w\" sizes=\"auto, (max-width: 683px) 100vw, 683px\" \/><\/figure>\n<\/div>\n<\/div>\n\n\n\n<div class=\"wp-block-columns is-layout-flex wp-container-core-columns-is-layout-28f84493 wp-block-columns-is-layout-flex\">\n<div class=\"wp-block-column is-layout-flow wp-block-column-is-layout-flow\">\n<p><\/p>\n\n\n\n<h4 class=\"wp-block-heading\"><strong>2. Recherches et organisation du voyage<\/strong><\/h4>\n\n\n\n<p>Sur base de notre \u00e9change, en respectant vos envies et votre budget, je r\u00e9alise l\u2019ensemble des recherches personnalis\u00e9es :<\/p>\n\n\n\n<ul class=\"wp-block-list\">\n<li><strong><em>Transports et h\u00e9bergements<\/em><\/strong>. Je s\u00e9lectionne les meilleures options : vols, trajets, logements, localisation id\u00e9ale et confort.<\/li>\n\n\n\n<li><strong><em>Itin\u00e9raire sur mesure<\/em><\/strong>. Je vous cr\u00e9e un itin\u00e9raire fluide et \u00e9quilibr\u00e9, alternant visites, nature, d\u00e9tente et d\u00e9couvertes locales.<\/li>\n\n\n\n<li><strong><em>Activit\u00e9s, lieux incontournables et exp\u00e9riences locales.<\/em><\/strong> Je vous propose des exp\u00e9riences et d\u00e9couvertes : sites culturels, balades, plages, mus\u00e9es, points de vue, etc.<\/li>\n\n\n\n<li><strong><em>Bonnes adresses et conseils pratiques.<br><\/em><\/strong>Je vous partage des adresses de restaurants, caf\u00e9s, bars ou boutiques locales pour enrichir votre s\u00e9jour.<\/li>\n<\/ul>\n<\/div>\n\n\n\n<div class=\"wp-block-column is-layout-flow wp-block-column-is-layout-flow\">\n<figure class=\"wp-block-image aligncenter size-large is-resized\"><img loading=\"lazy\" decoding=\"async\" width=\"683\" height=\"1024\" src=\"https:\/\/evasionsbyelo.be\/wp-content\/uploads\/2025\/12\/34924dd7-8ff0-47d0-bb66-3b3e2261b083-2-683x1024.png\" alt=\"\" class=\"wp-image-95\" style=\"aspect-ratio:0.667004806414994;width:333px;height:auto\" srcset=\"https:\/\/evasionsbyelo.be\/wp-content\/uploads\/2025\/12\/34924dd7-8ff0-47d0-bb66-3b3e2261b083-2-683x1024.png 683w, https:\/\/evasionsbyelo.be\/wp-content\/uploads\/2025\/12\/34924dd7-8ff0-47d0-bb66-3b3e2261b083-2-200x300.png 200w, https:\/\/evasionsbyelo.be\/wp-content\/uploads\/2025\/12\/34924dd7-8ff0-47d0-bb66-3b3e2261b083-2-768x1152.png 768w, https:\/\/evasionsbyelo.be\/wp-content\/uploads\/2025\/12\/34924dd7-8ff0-47d0-bb66-3b3e2261b083-2.png 1024w\" sizes=\"auto, (max-width: 683px) 100vw, 683px\" \/><\/figure>\n<\/div>\n<\/div>\n\n\n\n<div class=\"wp-block-columns is-layout-flex wp-container-core-columns-is-layout-28f84493 wp-block-columns-is-layout-flex\">\n<div class=\"wp-block-column is-layout-flow wp-block-column-is-layout-flow\">\n<p><\/p>\n\n\n\n<h4 class=\"wp-block-heading\"><strong>3. Ebook de voyage personnalis\u00e9<\/strong><\/h4>\n\n\n\n<p>Vous recevez un ebook de voyage personnalis\u00e9 au format PDF, clair et esth\u00e9tique, reprenant :<\/p>\n\n\n\n<ul class=\"wp-block-list\">\n<li>votre itin\u00e9raire d\u00e9taill\u00e9,<\/li>\n\n\n\n<li>les activit\u00e9s s\u00e9lectionn\u00e9es,<\/li>\n\n\n\n<li>les bonnes adresses,<\/li>\n\n\n\n<li>toutes les informations utiles pour voyager sereinement.<\/li>\n<\/ul>\n\n\n\n<p>Un v\u00e9ritable carnet de voyage, pens\u00e9 pour vous accompagner avant et pendant votre s\u00e9jour, afin de partir l\u2019esprit l\u00e9ger.<\/p>\n<\/div>\n\n\n\n<div class=\"wp-block-column is-layout-flow wp-block-column-is-layout-flow\">\n<figure class=\"wp-block-image aligncenter size-large is-resized\"><img loading=\"lazy\" decoding=\"async\" width=\"812\" height=\"1024\" src=\"https:\/\/evasionsbyelo.be\/wp-content\/uploads\/2025\/12\/5782fa64-b6d5-43b1-8973-3d0b16a382ce-Copie-2-812x1024.png\" alt=\"\" class=\"wp-image-91\" style=\"aspect-ratio:0.7929707689657153;width:325px;height:auto\" srcset=\"https:\/\/evasionsbyelo.be\/wp-content\/uploads\/2025\/12\/5782fa64-b6d5-43b1-8973-3d0b16a382ce-Copie-2-812x1024.png 812w, https:\/\/evasionsbyelo.be\/wp-content\/uploads\/2025\/12\/5782fa64-b6d5-43b1-8973-3d0b16a382ce-Copie-2-238x300.png 238w, https:\/\/evasionsbyelo.be\/wp-content\/uploads\/2025\/12\/5782fa64-b6d5-43b1-8973-3d0b16a382ce-Copie-2-768x968.png 768w, https:\/\/evasionsbyelo.be\/wp-content\/uploads\/2025\/12\/5782fa64-b6d5-43b1-8973-3d0b16a382ce-Copie-2.png 1024w\" sizes=\"auto, (max-width: 812px) 100vw, 812px\" \/><\/figure>\n<\/div>\n<\/div>\n\n\n\n<p><strong>Tarif<\/strong>&nbsp;: 35 \u20ac par jour de voyage organis\u00e9 (peu importe le nombre de voyageurs)<\/p>\n\n\n\n<p><strong>A savoir&nbsp;:<\/strong><\/p>\n\n\n\n<ul class=\"wp-block-list\">\n<li>Ce tarif s\u2019applique pour toute demande faite au minimum 4 mois avant le d\u00e9part.<\/li>\n\n\n\n<li>Je ne proc\u00e8de pas aux r\u00e9servations (transport, h\u00e9bergement, activit\u00e9s) et ne peux \u00eatre tenue responsable des services externes apr\u00e8s-vente apr\u00e8s l&rsquo;envoi final du carnet d&rsquo;itin\u00e9raire.&nbsp;<\/li>\n<\/ul>\n\n\n\n<p><\/p>\n","protected":false},"excerpt":{"rendered":"<p>Avec Evasions by Elo, je vous aide \u00e0 organiser votre voyage de A \u00e0 Z, selon vos envies, votre rythme et votre budget. Mon objectif ? Que vous puissiez vous concentrer sur le plaisir de d\u00e9couvrir, sans perdre des heures \u00e0 chercher, comparer ou planifier. Mon accompagnement voyage sur mesure Inclus dans la prestation 1. &hellip; <\/p>\n<p class=\"link-more\"><a href=\"https:\/\/evasionsbyelo.be\/index.php\/services\/travel-planner\/\" class=\"more-link\">Lire la suite de<span class=\"screen-reader-text\">\u00ab\u00a0Travel planner\u00a0\u00bb<\/span><\/a><\/p>\n","protected":false},"author":1,"featured_media":0,"parent":13,"menu_order":0,"comment_status":"closed","ping_status":"closed","template":"","meta":{"_themeisle_gutenberg_block_has_review":false,"footnotes":""},"class_list":["post-47","page","type-page","status-publish","hentry"],"yoast_head":"<!-- This site is optimized with the Yoast SEO plugin v26.5 - https:\/\/yoast.com\/wordpress\/plugins\/seo\/ -->\n<title>Travel planner - Evasions by Elo<\/title>\n<meta name=\"robots\" content=\"index, follow, max-snippet:-1, max-image-preview:large, max-video-preview:-1\" \/>\n<link rel=\"canonical\" href=\"https:\/\/evasionsbyelo.be\/index.php\/services\/travel-planner\/\" \/>\n<meta property=\"og:locale\" content=\"fr_FR\" \/>\n<meta property=\"og:type\" content=\"article\" \/>\n<meta property=\"og:title\" content=\"Travel planner - Evasions by Elo\" \/>\n<meta property=\"og:description\" content=\"Avec Evasions by Elo, je vous aide \u00e0 organiser votre voyage de A \u00e0 Z, selon vos envies, votre rythme et votre budget. Mon objectif ? Que vous puissiez vous concentrer sur le plaisir de d\u00e9couvrir, sans perdre des heures \u00e0 chercher, comparer ou planifier. Mon accompagnement voyage sur mesure Inclus dans la prestation 1. &hellip; Lire la suite de\u00ab\u00a0Travel planner\u00a0\u00bb\" \/>\n<meta property=\"og:url\" content=\"https:\/\/evasionsbyelo.be\/index.php\/services\/travel-planner\/\" \/>\n<meta property=\"og:site_name\" content=\"Evasions by Elo\" \/>\n<meta property=\"article:modified_time\" content=\"2026-02-04T21:23:49+00:00\" \/>\n<meta property=\"og:image\" content=\"https:\/\/evasionsbyelo.be\/wp-content\/uploads\/2025\/12\/cac7566a-21bb-43c9-9737-245f43c07b80-683x1024.png\" \/>\n\t<meta property=\"og:image:width\" content=\"683\" \/>\n\t<meta property=\"og:image:height\" content=\"1024\" \/>\n\t<meta property=\"og:image:type\" content=\"image\/png\" \/>\n<meta name=\"twitter:card\" content=\"summary_large_image\" \/>\n<meta name=\"twitter:label1\" content=\"Dur\u00e9e de lecture estim\u00e9e\" \/>\n\t<meta name=\"twitter:data1\" content=\"3 minutes\" \/>\n<script type=\"application\/ld+json\" class=\"yoast-schema-graph\">{\"@context\":\"https:\/\/schema.org\",\"@graph\":[{\"@type\":\"WebPage\",\"@id\":\"https:\/\/evasionsbyelo.be\/index.php\/services\/travel-planner\/\",\"url\":\"https:\/\/evasionsbyelo.be\/index.php\/services\/travel-planner\/\",\"name\":\"Travel planner - Evasions by Elo\",\"isPartOf\":{\"@id\":\"https:\/\/evasionsbyelo.be\/#website\"},\"primaryImageOfPage\":{\"@id\":\"https:\/\/evasionsbyelo.be\/index.php\/services\/travel-planner\/#primaryimage\"},\"image\":{\"@id\":\"https:\/\/evasionsbyelo.be\/index.php\/services\/travel-planner\/#primaryimage\"},\"thumbnailUrl\":\"https:\/\/evasionsbyelo.be\/wp-content\/uploads\/2025\/12\/cac7566a-21bb-43c9-9737-245f43c07b80-683x1024.png\",\"datePublished\":\"2025-12-14T15:23:32+00:00\",\"dateModified\":\"2026-02-04T21:23:49+00:00\",\"breadcrumb\":{\"@id\":\"https:\/\/evasionsbyelo.be\/index.php\/services\/travel-planner\/#breadcrumb\"},\"inLanguage\":\"fr-FR\",\"potentialAction\":[{\"@type\":\"ReadAction\",\"target\":[\"https:\/\/evasionsbyelo.be\/index.php\/services\/travel-planner\/\"]}]},{\"@type\":\"ImageObject\",\"inLanguage\":\"fr-FR\",\"@id\":\"https:\/\/evasionsbyelo.be\/index.php\/services\/travel-planner\/#primaryimage\",\"url\":\"https:\/\/evasionsbyelo.be\/wp-content\/uploads\/2025\/12\/cac7566a-21bb-43c9-9737-245f43c07b80.png\",\"contentUrl\":\"https:\/\/evasionsbyelo.be\/wp-content\/uploads\/2025\/12\/cac7566a-21bb-43c9-9737-245f43c07b80.png\",\"width\":1024,\"height\":1536},{\"@type\":\"BreadcrumbList\",\"@id\":\"https:\/\/evasionsbyelo.be\/index.php\/services\/travel-planner\/#breadcrumb\",\"itemListElement\":[{\"@type\":\"ListItem\",\"position\":1,\"name\":\"Accueil\",\"item\":\"https:\/\/evasionsbyelo.be\/\"},{\"@type\":\"ListItem\",\"position\":2,\"name\":\"Services\",\"item\":\"https:\/\/evasionsbyelo.be\/index.php\/services\/\"},{\"@type\":\"ListItem\",\"position\":3,\"name\":\"Travel planner\"}]},{\"@type\":\"WebSite\",\"@id\":\"https:\/\/evasionsbyelo.be\/#website\",\"url\":\"https:\/\/evasionsbyelo.be\/\",\"name\":\"Evasions by Elo\",\"description\":\"\",\"publisher\":{\"@id\":\"https:\/\/evasionsbyelo.be\/#organization\"},\"potentialAction\":[{\"@type\":\"SearchAction\",\"target\":{\"@type\":\"EntryPoint\",\"urlTemplate\":\"https:\/\/evasionsbyelo.be\/?s={search_term_string}\"},\"query-input\":{\"@type\":\"PropertyValueSpecification\",\"valueRequired\":true,\"valueName\":\"search_term_string\"}}],\"inLanguage\":\"fr-FR\"},{\"@type\":\"Organization\",\"@id\":\"https:\/\/evasionsbyelo.be\/#organization\",\"name\":\"Evasions by Elo\",\"url\":\"https:\/\/evasionsbyelo.be\/\",\"logo\":{\"@type\":\"ImageObject\",\"inLanguage\":\"fr-FR\",\"@id\":\"https:\/\/evasionsbyelo.be\/#\/schema\/logo\/image\/\",\"url\":\"https:\/\/evasionsbyelo.be\/wp-content\/uploads\/2026\/02\/cropped-Blanc_Cote.png\",\"contentUrl\":\"https:\/\/evasionsbyelo.be\/wp-content\/uploads\/2026\/02\/cropped-Blanc_Cote.png\",\"width\":1317,\"height\":541,\"caption\":\"Evasions by Elo\"},\"image\":{\"@id\":\"https:\/\/evasionsbyelo.be\/#\/schema\/logo\/image\/\"}}]}<\/script>\n<!-- \/ Yoast SEO plugin. -->","yoast_head_json":{"title":"Travel planner - Evasions by Elo","robots":{"index":"index","follow":"follow","max-snippet":"max-snippet:-1","max-image-preview":"max-image-preview:large","max-video-preview":"max-video-preview:-1"},"canonical":"https:\/\/evasionsbyelo.be\/index.php\/services\/travel-planner\/","og_locale":"fr_FR","og_type":"article","og_title":"Travel planner - Evasions by Elo","og_description":"Avec Evasions by Elo, je vous aide \u00e0 organiser votre voyage de A \u00e0 Z, selon vos envies, votre rythme et votre budget. Mon objectif ? Que vous puissiez vous concentrer sur le plaisir de d\u00e9couvrir, sans perdre des heures \u00e0 chercher, comparer ou planifier. Mon accompagnement voyage sur mesure Inclus dans la prestation 1. &hellip; Lire la suite de\u00ab\u00a0Travel planner\u00a0\u00bb","og_url":"https:\/\/evasionsbyelo.be\/index.php\/services\/travel-planner\/","og_site_name":"Evasions by Elo","article_modified_time":"2026-02-04T21:23:49+00:00","og_image":[{"width":683,"height":1024,"url":"https:\/\/evasionsbyelo.be\/wp-content\/uploads\/2025\/12\/cac7566a-21bb-43c9-9737-245f43c07b80-683x1024.png","type":"image\/png"}],"twitter_card":"summary_large_image","twitter_misc":{"Dur\u00e9e de lecture estim\u00e9e":"3 minutes"},"schema":{"@context":"https:\/\/schema.org","@graph":[{"@type":"WebPage","@id":"https:\/\/evasionsbyelo.be\/index.php\/services\/travel-planner\/","url":"https:\/\/evasionsbyelo.be\/index.php\/services\/travel-planner\/","name":"Travel planner - Evasions by Elo","isPartOf":{"@id":"https:\/\/evasionsbyelo.be\/#website"},"primaryImageOfPage":{"@id":"https:\/\/evasionsbyelo.be\/index.php\/services\/travel-planner\/#primaryimage"},"image":{"@id":"https:\/\/evasionsbyelo.be\/index.php\/services\/travel-planner\/#primaryimage"},"thumbnailUrl":"https:\/\/evasionsbyelo.be\/wp-content\/uploads\/2025\/12\/cac7566a-21bb-43c9-9737-245f43c07b80-683x1024.png","datePublished":"2025-12-14T15:23:32+00:00","dateModified":"2026-02-04T21:23:49+00:00","breadcrumb":{"@id":"https:\/\/evasionsbyelo.be\/index.php\/services\/travel-planner\/#breadcrumb"},"inLanguage":"fr-FR","potentialAction":[{"@type":"ReadAction","target":["https:\/\/evasionsbyelo.be\/index.php\/services\/travel-planner\/"]}]},{"@type":"ImageObject","inLanguage":"fr-FR","@id":"https:\/\/evasionsbyelo.be\/index.php\/services\/travel-planner\/#primaryimage","url":"https:\/\/evasionsbyelo.be\/wp-content\/uploads\/2025\/12\/cac7566a-21bb-43c9-9737-245f43c07b80.png","contentUrl":"https:\/\/evasionsbyelo.be\/wp-content\/uploads\/2025\/12\/cac7566a-21bb-43c9-9737-245f43c07b80.png","width":1024,"height":1536},{"@type":"BreadcrumbList","@id":"https:\/\/evasionsbyelo.be\/index.php\/services\/travel-planner\/#breadcrumb","itemListElement":[{"@type":"ListItem","position":1,"name":"Accueil","item":"https:\/\/evasionsbyelo.be\/"},{"@type":"ListItem","position":2,"name":"Services","item":"https:\/\/evasionsbyelo.be\/index.php\/services\/"},{"@type":"ListItem","position":3,"name":"Travel planner"}]},{"@type":"WebSite","@id":"https:\/\/evasionsbyelo.be\/#website","url":"https:\/\/evasionsbyelo.be\/","name":"Evasions by Elo","description":"","publisher":{"@id":"https:\/\/evasionsbyelo.be\/#organization"},"potentialAction":[{"@type":"SearchAction","target":{"@type":"EntryPoint","urlTemplate":"https:\/\/evasionsbyelo.be\/?s={search_term_string}"},"query-input":{"@type":"PropertyValueSpecification","valueRequired":true,"valueName":"search_term_string"}}],"inLanguage":"fr-FR"},{"@type":"Organization","@id":"https:\/\/evasionsbyelo.be\/#organization","name":"Evasions by Elo","url":"https:\/\/evasionsbyelo.be\/","logo":{"@type":"ImageObject","inLanguage":"fr-FR","@id":"https:\/\/evasionsbyelo.be\/#\/schema\/logo\/image\/","url":"https:\/\/evasionsbyelo.be\/wp-content\/uploads\/2026\/02\/cropped-Blanc_Cote.png","contentUrl":"https:\/\/evasionsbyelo.be\/wp-content\/uploads\/2026\/02\/cropped-Blanc_Cote.png","width":1317,"height":541,"caption":"Evasions by Elo"},"image":{"@id":"https:\/\/evasionsbyelo.be\/#\/schema\/logo\/image\/"}}]}},"_links":{"self":[{"href":"https:\/\/evasionsbyelo.be\/index.php\/wp-json\/wp\/v2\/pages\/47","targetHints":{"allow":["GET"]}}],"collection":[{"href":"https:\/\/evasionsbyelo.be\/index.php\/wp-json\/wp\/v2\/pages"}],"about":[{"href":"https:\/\/evasionsbyelo.be\/index.php\/wp-json\/wp\/v2\/types\/page"}],"author":[{"embeddable":true,"href":"https:\/\/evasionsbyelo.be\/index.php\/wp-json\/wp\/v2\/users\/1"}],"replies":[{"embeddable":true,"href":"https:\/\/evasionsbyelo.be\/index.php\/wp-json\/wp\/v2\/comments?post=47"}],"version-history":[{"count":15,"href":"https:\/\/evasionsbyelo.be\/index.php\/wp-json\/wp\/v2\/pages\/47\/revisions"}],"predecessor-version":[{"id":188,"href":"https:\/\/evasionsbyelo.be\/index.php\/wp-json\/wp\/v2\/pages\/47\/revisions\/188"}],"up":[{"embeddable":true,"href":"https:\/\/evasionsbyelo.be\/index.php\/wp-json\/wp\/v2\/pages\/13"}],"wp:attachment":[{"href":"https:\/\/evasionsbyelo.be\/index.php\/wp-json\/wp\/v2\/media?parent=47"}],"curies":[{"name":"wp","href":"https:\/\/api.w.org\/{rel}","templated":true}]}}