{"id":11,"date":"2025-12-14T14:19:56","date_gmt":"2025-12-14T14:19:56","guid":{"rendered":"http:\/\/evasioy.cluster100.hosting.ovh.net\/?page_id=11"},"modified":"2026-02-04T21:30:39","modified_gmt":"2026-02-04T21:30:39","slug":"a-propos","status":"publish","type":"page","link":"https:\/\/evasionsbyelo.be\/index.php\/a-propos\/","title":{"rendered":"A propos"},"content":{"rendered":"\n<div class=\"wp-block-columns is-layout-flex wp-container-core-columns-is-layout-28f84493 wp-block-columns-is-layout-flex\">\n<div class=\"wp-block-column is-layout-flow wp-block-column-is-layout-flow\" style=\"flex-basis:66.66%\">\n<h2 class=\"wp-block-heading\"><strong>Pourquoi \u00c9vasions by Elo&nbsp;?<\/strong><\/h2>\n\n\n\n<p>\u00c9vasions by Elo est n\u00e9 d\u2019une envie sinc\u00e8re de partager ma passion et mon sens de l\u2019organisation avec celles et ceux qui r\u00eavent de voyager\u2026 sans stress.<\/p>\n\n\n\n<p>Autour de moi, beaucoup me disaient ne pas oser partir, faute de temps ou d\u2019envie de planifier : comparer, chercher, r\u00e9server, organiser.<\/p>\n\n\n\n<p>Et c\u2019est l\u00e0 que j\u2019ai eu envie d\u2019agir.<\/p>\n\n\n\n<p>Mon r\u00f4le, en tant que Travel Planner, est de vous simplifier la vie : vous permettre de vivre un voyage sur mesure, fluide, r\u00e9fl\u00e9chi, tout en gardant la libert\u00e9 de profiter.<\/p>\n\n\n\n<p>Votre seule mission ? D\u00e9couvrir, savourer et vous laisser porter.<\/p>\n<\/div>\n\n\n\n<div class=\"wp-block-column is-layout-flow wp-block-column-is-layout-flow\" style=\"flex-basis:33.33%\">\n<figure class=\"wp-block-image aligncenter size-large\"><img loading=\"lazy\" decoding=\"async\" width=\"1024\" height=\"768\" src=\"https:\/\/evasionsbyelo.be\/wp-content\/uploads\/2026\/02\/20260110_135535348_iOS-1024x768.jpg\" alt=\"\" class=\"wp-image-193\" srcset=\"https:\/\/evasionsbyelo.be\/wp-content\/uploads\/2026\/02\/20260110_135535348_iOS-1024x768.jpg 1024w, https:\/\/evasionsbyelo.be\/wp-content\/uploads\/2026\/02\/20260110_135535348_iOS-300x225.jpg 300w, https:\/\/evasionsbyelo.be\/wp-content\/uploads\/2026\/02\/20260110_135535348_iOS-2000x1500.jpg 2000w\" sizes=\"auto, (max-width: 1024px) 100vw, 1024px\" \/><\/figure>\n<\/div>\n<\/div>\n\n\n\n<p><\/p>\n\n\n\n<div class=\"wp-block-columns is-layout-flex wp-container-core-columns-is-layout-28f84493 wp-block-columns-is-layout-flex\">\n<div class=\"wp-block-column is-layout-flow wp-block-column-is-layout-flow\" style=\"flex-basis:66.66%\">\n<h2 class=\"wp-block-heading\"><strong>Mon approche<\/strong><\/h2>\n\n\n\n<p>On me d\u00e9crit souvent comme quelqu\u2019un de tr\u00e8s organis\u00e9e, parfois m\u00eame trop (je plaide coupable \ud83d\ude05). Mais c\u2019est pr\u00e9cis\u00e9ment cette rigueur \u2014 alli\u00e9e \u00e0 une grande curiosit\u00e9 et \u00e0 un go\u00fbt du d\u00e9tail \u2014 qui me permet de concevoir des voyages harmonieux, \u00e9quilibr\u00e9s et sans tracas.<\/p>\n\n\n\n<p>Chaque itin\u00e9raire que je cr\u00e9e est pens\u00e9 avec soin et enthousiasme, comme si je pr\u00e9parais mon propre voyage.<\/p>\n\n\n\n<p>Mon objectif : que vous puissiez partir l\u2019esprit libre, avec la certitude que tout a \u00e9t\u00e9 pr\u00e9vu pour que l\u2019\u00e9vasion commence d\u00e8s la premi\u00e8re page de votre carnet de voyage.<\/p>\n\n\n\n<p>Au fil des ann\u00e9es, mes voyages m\u2019ont men\u00e9e dans de nombreux pays, chacun ayant fa\u00e7onn\u00e9 ma mani\u00e8re de voyager et d\u2019organiser les s\u00e9jours. \ud83d\udc47<\/p>\n<\/div>\n\n\n\n<div class=\"wp-block-column is-layout-flow wp-block-column-is-layout-flow\" style=\"flex-basis:33.33%\">\n<figure class=\"wp-block-image aligncenter size-large is-resized\"><img loading=\"lazy\" decoding=\"async\" width=\"768\" height=\"1024\" src=\"https:\/\/evasionsbyelo.be\/wp-content\/uploads\/2026\/02\/20260111_095510118_iOS-768x1024.jpg\" alt=\"\" class=\"wp-image-194\" style=\"width:236px;height:auto\" srcset=\"https:\/\/evasionsbyelo.be\/wp-content\/uploads\/2026\/02\/20260111_095510118_iOS-768x1024.jpg 768w, https:\/\/evasionsbyelo.be\/wp-content\/uploads\/2026\/02\/20260111_095510118_iOS-225x300.jpg 225w, https:\/\/evasionsbyelo.be\/wp-content\/uploads\/2026\/02\/20260111_095510118_iOS-2000x2667.jpg 2000w, https:\/\/evasionsbyelo.be\/wp-content\/uploads\/2026\/02\/20260111_095510118_iOS-scaled.jpg 1920w\" sizes=\"auto, (max-width: 768px) 100vw, 768px\" \/><\/figure>\n<\/div>\n<\/div>\n\n\n\n<p><\/p>\n\n\n\n<figure class=\"wp-block-image size-large\"><img loading=\"lazy\" decoding=\"async\" width=\"1024\" height=\"867\" src=\"https:\/\/evasionsbyelo.be\/wp-content\/uploads\/2025\/12\/20251130_110427000_iOS-1024x867.jpg\" alt=\"\" class=\"wp-image-39\" srcset=\"https:\/\/evasionsbyelo.be\/wp-content\/uploads\/2025\/12\/20251130_110427000_iOS-1024x867.jpg 1024w, https:\/\/evasionsbyelo.be\/wp-content\/uploads\/2025\/12\/20251130_110427000_iOS-300x254.jpg 300w, https:\/\/evasionsbyelo.be\/wp-content\/uploads\/2025\/12\/20251130_110427000_iOS-768x650.jpg 768w, https:\/\/evasionsbyelo.be\/wp-content\/uploads\/2025\/12\/20251130_110427000_iOS-1536x1300.jpg 1536w, https:\/\/evasionsbyelo.be\/wp-content\/uploads\/2025\/12\/20251130_110427000_iOS-2048x1733.jpg 2048w\" sizes=\"auto, (max-width: 1024px) 100vw, 1024px\" \/><\/figure>\n","protected":false},"excerpt":{"rendered":"<p>Pourquoi \u00c9vasions by Elo&nbsp;? \u00c9vasions by Elo est n\u00e9 d\u2019une envie sinc\u00e8re de partager ma passion et mon sens de l\u2019organisation avec celles et ceux qui r\u00eavent de voyager\u2026 sans stress. Autour de moi, beaucoup me disaient ne pas oser partir, faute de temps ou d\u2019envie de planifier : comparer, chercher, r\u00e9server, organiser. Et c\u2019est &hellip; <\/p>\n<p class=\"link-more\"><a href=\"https:\/\/evasionsbyelo.be\/index.php\/a-propos\/\" class=\"more-link\">Lire la suite de<span class=\"screen-reader-text\">\u00ab\u00a0A propos\u00a0\u00bb<\/span><\/a><\/p>\n","protected":false},"author":1,"featured_media":0,"parent":0,"menu_order":0,"comment_status":"closed","ping_status":"closed","template":"","meta":{"_themeisle_gutenberg_block_has_review":false,"footnotes":""},"class_list":["post-11","page","type-page","status-publish","hentry"],"yoast_head":"<!-- This site is optimized with the Yoast SEO plugin v26.5 - https:\/\/yoast.com\/wordpress\/plugins\/seo\/ -->\n<title>A propos - Evasions by Elo<\/title>\n<meta name=\"robots\" content=\"index, follow, max-snippet:-1, max-image-preview:large, max-video-preview:-1\" \/>\n<link rel=\"canonical\" href=\"https:\/\/evasionsbyelo.be\/index.php\/a-propos\/\" \/>\n<meta property=\"og:locale\" content=\"fr_FR\" \/>\n<meta property=\"og:type\" content=\"article\" \/>\n<meta property=\"og:title\" content=\"A propos - Evasions by Elo\" \/>\n<meta property=\"og:description\" content=\"Pourquoi \u00c9vasions by Elo&nbsp;? \u00c9vasions by Elo est n\u00e9 d\u2019une envie sinc\u00e8re de partager ma passion et mon sens de l\u2019organisation avec celles et ceux qui r\u00eavent de voyager\u2026 sans stress. Autour de moi, beaucoup me disaient ne pas oser partir, faute de temps ou d\u2019envie de planifier : comparer, chercher, r\u00e9server, organiser. Et c\u2019est &hellip; Lire la suite de\u00ab\u00a0A propos\u00a0\u00bb\" \/>\n<meta property=\"og:url\" content=\"https:\/\/evasionsbyelo.be\/index.php\/a-propos\/\" \/>\n<meta property=\"og:site_name\" content=\"Evasions by Elo\" \/>\n<meta property=\"article:modified_time\" content=\"2026-02-04T21:30:39+00:00\" \/>\n<meta name=\"twitter:card\" content=\"summary_large_image\" \/>\n<meta name=\"twitter:label1\" content=\"Dur\u00e9e de lecture estim\u00e9e\" \/>\n\t<meta name=\"twitter:data1\" content=\"2 minutes\" \/>\n<script type=\"application\/ld+json\" class=\"yoast-schema-graph\">{\"@context\":\"https:\/\/schema.org\",\"@graph\":[{\"@type\":\"WebPage\",\"@id\":\"https:\/\/evasionsbyelo.be\/index.php\/a-propos\/\",\"url\":\"https:\/\/evasionsbyelo.be\/index.php\/a-propos\/\",\"name\":\"A propos - Evasions by Elo\",\"isPartOf\":{\"@id\":\"https:\/\/evasionsbyelo.be\/#website\"},\"primaryImageOfPage\":{\"@id\":\"https:\/\/evasionsbyelo.be\/index.php\/a-propos\/#primaryimage\"},\"image\":{\"@id\":\"https:\/\/evasionsbyelo.be\/index.php\/a-propos\/#primaryimage\"},\"thumbnailUrl\":\"https:\/\/evasionsbyelo.be\/wp-content\/uploads\/2026\/02\/20260110_135535348_iOS-1024x768.jpg\",\"datePublished\":\"2025-12-14T14:19:56+00:00\",\"dateModified\":\"2026-02-04T21:30:39+00:00\",\"breadcrumb\":{\"@id\":\"https:\/\/evasionsbyelo.be\/index.php\/a-propos\/#breadcrumb\"},\"inLanguage\":\"fr-FR\",\"potentialAction\":[{\"@type\":\"ReadAction\",\"target\":[\"https:\/\/evasionsbyelo.be\/index.php\/a-propos\/\"]}]},{\"@type\":\"ImageObject\",\"inLanguage\":\"fr-FR\",\"@id\":\"https:\/\/evasionsbyelo.be\/index.php\/a-propos\/#primaryimage\",\"url\":\"https:\/\/evasionsbyelo.be\/wp-content\/uploads\/2026\/02\/20260110_135535348_iOS-scaled.jpg\",\"contentUrl\":\"https:\/\/evasionsbyelo.be\/wp-content\/uploads\/2026\/02\/20260110_135535348_iOS-scaled.jpg\",\"width\":2560,\"height\":1920},{\"@type\":\"BreadcrumbList\",\"@id\":\"https:\/\/evasionsbyelo.be\/index.php\/a-propos\/#breadcrumb\",\"itemListElement\":[{\"@type\":\"ListItem\",\"position\":1,\"name\":\"Accueil\",\"item\":\"https:\/\/evasionsbyelo.be\/\"},{\"@type\":\"ListItem\",\"position\":2,\"name\":\"A propos\"}]},{\"@type\":\"WebSite\",\"@id\":\"https:\/\/evasionsbyelo.be\/#website\",\"url\":\"https:\/\/evasionsbyelo.be\/\",\"name\":\"Evasions by Elo\",\"description\":\"\",\"publisher\":{\"@id\":\"https:\/\/evasionsbyelo.be\/#organization\"},\"potentialAction\":[{\"@type\":\"SearchAction\",\"target\":{\"@type\":\"EntryPoint\",\"urlTemplate\":\"https:\/\/evasionsbyelo.be\/?s={search_term_string}\"},\"query-input\":{\"@type\":\"PropertyValueSpecification\",\"valueRequired\":true,\"valueName\":\"search_term_string\"}}],\"inLanguage\":\"fr-FR\"},{\"@type\":\"Organization\",\"@id\":\"https:\/\/evasionsbyelo.be\/#organization\",\"name\":\"Evasions by Elo\",\"url\":\"https:\/\/evasionsbyelo.be\/\",\"logo\":{\"@type\":\"ImageObject\",\"inLanguage\":\"fr-FR\",\"@id\":\"https:\/\/evasionsbyelo.be\/#\/schema\/logo\/image\/\",\"url\":\"https:\/\/evasionsbyelo.be\/wp-content\/uploads\/2026\/02\/cropped-Blanc_Cote.png\",\"contentUrl\":\"https:\/\/evasionsbyelo.be\/wp-content\/uploads\/2026\/02\/cropped-Blanc_Cote.png\",\"width\":1317,\"height\":541,\"caption\":\"Evasions by Elo\"},\"image\":{\"@id\":\"https:\/\/evasionsbyelo.be\/#\/schema\/logo\/image\/\"}}]}<\/script>\n<!-- \/ Yoast SEO plugin. -->","yoast_head_json":{"title":"A propos - Evasions by Elo","robots":{"index":"index","follow":"follow","max-snippet":"max-snippet:-1","max-image-preview":"max-image-preview:large","max-video-preview":"max-video-preview:-1"},"canonical":"https:\/\/evasionsbyelo.be\/index.php\/a-propos\/","og_locale":"fr_FR","og_type":"article","og_title":"A propos - Evasions by Elo","og_description":"Pourquoi \u00c9vasions by Elo&nbsp;? \u00c9vasions by Elo est n\u00e9 d\u2019une envie sinc\u00e8re de partager ma passion et mon sens de l\u2019organisation avec celles et ceux qui r\u00eavent de voyager\u2026 sans stress. Autour de moi, beaucoup me disaient ne pas oser partir, faute de temps ou d\u2019envie de planifier : comparer, chercher, r\u00e9server, organiser. Et c\u2019est &hellip; Lire la suite de\u00ab\u00a0A propos\u00a0\u00bb","og_url":"https:\/\/evasionsbyelo.be\/index.php\/a-propos\/","og_site_name":"Evasions by Elo","article_modified_time":"2026-02-04T21:30:39+00:00","twitter_card":"summary_large_image","twitter_misc":{"Dur\u00e9e de lecture estim\u00e9e":"2 minutes"},"schema":{"@context":"https:\/\/schema.org","@graph":[{"@type":"WebPage","@id":"https:\/\/evasionsbyelo.be\/index.php\/a-propos\/","url":"https:\/\/evasionsbyelo.be\/index.php\/a-propos\/","name":"A propos - Evasions by Elo","isPartOf":{"@id":"https:\/\/evasionsbyelo.be\/#website"},"primaryImageOfPage":{"@id":"https:\/\/evasionsbyelo.be\/index.php\/a-propos\/#primaryimage"},"image":{"@id":"https:\/\/evasionsbyelo.be\/index.php\/a-propos\/#primaryimage"},"thumbnailUrl":"https:\/\/evasionsbyelo.be\/wp-content\/uploads\/2026\/02\/20260110_135535348_iOS-1024x768.jpg","datePublished":"2025-12-14T14:19:56+00:00","dateModified":"2026-02-04T21:30:39+00:00","breadcrumb":{"@id":"https:\/\/evasionsbyelo.be\/index.php\/a-propos\/#breadcrumb"},"inLanguage":"fr-FR","potentialAction":[{"@type":"ReadAction","target":["https:\/\/evasionsbyelo.be\/index.php\/a-propos\/"]}]},{"@type":"ImageObject","inLanguage":"fr-FR","@id":"https:\/\/evasionsbyelo.be\/index.php\/a-propos\/#primaryimage","url":"https:\/\/evasionsbyelo.be\/wp-content\/uploads\/2026\/02\/20260110_135535348_iOS-scaled.jpg","contentUrl":"https:\/\/evasionsbyelo.be\/wp-content\/uploads\/2026\/02\/20260110_135535348_iOS-scaled.jpg","width":2560,"height":1920},{"@type":"BreadcrumbList","@id":"https:\/\/evasionsbyelo.be\/index.php\/a-propos\/#breadcrumb","itemListElement":[{"@type":"ListItem","position":1,"name":"Accueil","item":"https:\/\/evasionsbyelo.be\/"},{"@type":"ListItem","position":2,"name":"A propos"}]},{"@type":"WebSite","@id":"https:\/\/evasionsbyelo.be\/#website","url":"https:\/\/evasionsbyelo.be\/","name":"Evasions by Elo","description":"","publisher":{"@id":"https:\/\/evasionsbyelo.be\/#organization"},"potentialAction":[{"@type":"SearchAction","target":{"@type":"EntryPoint","urlTemplate":"https:\/\/evasionsbyelo.be\/?s={search_term_string}"},"query-input":{"@type":"PropertyValueSpecification","valueRequired":true,"valueName":"search_term_string"}}],"inLanguage":"fr-FR"},{"@type":"Organization","@id":"https:\/\/evasionsbyelo.be\/#organization","name":"Evasions by Elo","url":"https:\/\/evasionsbyelo.be\/","logo":{"@type":"ImageObject","inLanguage":"fr-FR","@id":"https:\/\/evasionsbyelo.be\/#\/schema\/logo\/image\/","url":"https:\/\/evasionsbyelo.be\/wp-content\/uploads\/2026\/02\/cropped-Blanc_Cote.png","contentUrl":"https:\/\/evasionsbyelo.be\/wp-content\/uploads\/2026\/02\/cropped-Blanc_Cote.png","width":1317,"height":541,"caption":"Evasions by Elo"},"image":{"@id":"https:\/\/evasionsbyelo.be\/#\/schema\/logo\/image\/"}}]}},"_links":{"self":[{"href":"https:\/\/evasionsbyelo.be\/index.php\/wp-json\/wp\/v2\/pages\/11","targetHints":{"allow":["GET"]}}],"collection":[{"href":"https:\/\/evasionsbyelo.be\/index.php\/wp-json\/wp\/v2\/pages"}],"about":[{"href":"https:\/\/evasionsbyelo.be\/index.php\/wp-json\/wp\/v2\/types\/page"}],"author":[{"embeddable":true,"href":"https:\/\/evasionsbyelo.be\/index.php\/wp-json\/wp\/v2\/users\/1"}],"replies":[{"embeddable":true,"href":"https:\/\/evasionsbyelo.be\/index.php\/wp-json\/wp\/v2\/comments?post=11"}],"version-history":[{"count":5,"href":"https:\/\/evasionsbyelo.be\/index.php\/wp-json\/wp\/v2\/pages\/11\/revisions"}],"predecessor-version":[{"id":195,"href":"https:\/\/evasionsbyelo.be\/index.php\/wp-json\/wp\/v2\/pages\/11\/revisions\/195"}],"wp:attachment":[{"href":"https:\/\/evasionsbyelo.be\/index.php\/wp-json\/wp\/v2\/media?parent=11"}],"curies":[{"name":"wp","href":"https:\/\/api.w.org\/{rel}","templated":true}]}}